{"id":36,"date":"2018-09-12T14:31:16","date_gmt":"2018-09-12T12:31:16","guid":{"rendered":"http:\/\/www.b2modeteam.be\/?page_id=36"},"modified":"2023-03-07T14:51:01","modified_gmt":"2023-03-07T12:51:01","slug":"contact","status":"publish","type":"page","link":"https:\/\/www.b2modeteam.be\/nl\/contact\/","title":{"rendered":"Contact"},"content":{"rendered":"<h1>Verdeler worden van \u00e9\u00e9n van onze merken?<\/h1>\n<p>Interesse om het aanbod van uw winkel uit te breiden met \u00e9\u00e9n of meerdere van onze merken? Vul onderstaand fomulier in en wij maken graag een afspraak met u.<\/p>\n<div class=\"wpforms-container \" id=\"wpforms-10\"><form id=\"wpforms-form-10\" class=\"wpforms-validate wpforms-form\" data-formid=\"10\" method=\"post\" enctype=\"multipart\/form-data\" action=\"\/nl\/wp-json\/wp\/v2\/pages\/36\" data-token=\"6eb147b9d26c3537b66b912584bc3d02\" data-token-time=\"1777698181\"><noscript class=\"wpforms-error-noscript\">Schakel JavaScript in je browser in om dit formulier in te vullen.<\/noscript><div class=\"wpforms-field-container\"><div id=\"wpforms-10-field_0-container\" class=\"wpforms-field wpforms-field-name\" data-field-id=\"0\"><label class=\"wpforms-field-label\">Naam <span class=\"wpforms-required-label\">*<\/span><\/label><div class=\"wpforms-field-row wpforms-field-large\"><div class=\"wpforms-field-row-block wpforms-first wpforms-one-half\"><input type=\"text\" id=\"wpforms-10-field_0\" class=\"wpforms-field-name-first wpforms-field-required\" name=\"wpforms[fields][0][first]\" required><label for=\"wpforms-10-field_0\" class=\"wpforms-field-sublabel after\">Voornaam<\/label><\/div><div class=\"wpforms-field-row-block wpforms-one-half\"><input type=\"text\" id=\"wpforms-10-field_0-last\" class=\"wpforms-field-name-last wpforms-field-required\" name=\"wpforms[fields][0][last]\" required><label for=\"wpforms-10-field_0-last\" class=\"wpforms-field-sublabel after\">Achternaam<\/label><\/div><\/div><\/div><div id=\"wpforms-10-field_4-container\" class=\"wpforms-field wpforms-field-name\" data-field-id=\"4\"><label class=\"wpforms-field-label\" for=\"wpforms-10-field_4\">Winkelnaam <span class=\"wpforms-required-label\">*<\/span><\/label><input type=\"text\" id=\"wpforms-10-field_4\" class=\"wpforms-field-large wpforms-field-required\" name=\"wpforms[fields][4]\" required><\/div><div id=\"wpforms-10-field_3-container\" class=\"wpforms-field wpforms-field-phone wpforms-one-half wpforms-first\" data-field-id=\"3\"><label class=\"wpforms-field-label\" for=\"wpforms-10-field_3\">Telefoon <span class=\"wpforms-required-label\">*<\/span><\/label><input type=\"tel\" id=\"wpforms-10-field_3\" class=\"wpforms-field-large wpforms-field-required\" data-rule-int-phone-field=\"true\" name=\"wpforms[fields][3]\" aria-label=\"Telefoon\" required><\/div><div id=\"wpforms-10-field_1-container\" class=\"wpforms-field wpforms-field-email wpforms-one-half\" data-field-id=\"1\"><label class=\"wpforms-field-label\" for=\"wpforms-10-field_1\">E-mailadres <span class=\"wpforms-required-label\">*<\/span><\/label><input type=\"email\" id=\"wpforms-10-field_1\" class=\"wpforms-field-large wpforms-field-required\" name=\"wpforms[fields][1]\" spellcheck=\"false\" required><\/div><div id=\"wpforms-10-field_2-container\" class=\"wpforms-field wpforms-field-textarea\" data-field-id=\"2\"><label class=\"wpforms-field-label\" for=\"wpforms-10-field_2\">Bericht<\/label><textarea id=\"wpforms-10-field_2\" class=\"wpforms-field-large\" name=\"wpforms[fields][2]\" ><\/textarea><\/div><\/div><!-- .wpforms-field-container --><div class=\"wpforms-field wpforms-field-hp\"><label for=\"wpforms-10-field-hp\" class=\"wpforms-field-label\">Email<\/label><input type=\"text\" name=\"wpforms[hp]\" id=\"wpforms-10-field-hp\" class=\"wpforms-field-medium\"><\/div><div class=\"wpforms-submit-container\" ><input type=\"hidden\" name=\"wpforms[id]\" value=\"10\"><input type=\"hidden\" name=\"page_title\" value=\"\"><input type=\"hidden\" name=\"page_url\" value=\"https:\/\/www.b2modeteam.be\/nl\/wp-json\/wp\/v2\/pages\/36\"><input type=\"hidden\" name=\"url_referer\" value=\"\"><button type=\"submit\" name=\"wpforms[submit]\" id=\"wpforms-submit-10\" class=\"wpforms-submit\" data-alt-text=\"Verzenden...\" data-submit-text=\"Verzenden\" aria-live=\"assertive\" value=\"wpforms-submit\">Verzenden<\/button><\/div><\/form><\/div>  <!-- .wpforms-container -->\n<p>Wij respecteren uw <a href=\"https:\/\/www.b2modeteam.be\/privacy-policy\/\">privacy<\/a>. Uw gegevens worden altijd vertrouwelijk behandeld.<\/p>\n","protected":false},"excerpt":{"rendered":"<p>Verdeler worden van \u00e9\u00e9n van onze merken? Interesse om het aanbod van uw winkel uit te breiden met \u00e9\u00e9n of&#8230;<\/p>\n","protected":false},"author":2,"featured_media":817,"parent":0,"menu_order":4,"comment_status":"closed","ping_status":"closed","template":"contact.php","meta":{"_acf_changed":false,"footnotes":""},"class_list":["post-36","page","type-page","status-publish","has-post-thumbnail","hentry"],"acf":[],"yoast_head":"<!-- This site is optimized with the Yoast SEO plugin v27.0 - https:\/\/yoast.com\/product\/yoast-seo-wordpress\/ -->\n<title>Contact - B2 Mode Team<\/title>\n<meta name=\"description\" content=\"Contacteer ons hier.\" \/>\n<meta name=\"robots\" content=\"index, follow, max-snippet:-1, max-image-preview:large, max-video-preview:-1\" \/>\n<link rel=\"canonical\" href=\"https:\/\/www.b2modeteam.be\/nl\/contact\/\" \/>\n<meta property=\"og:locale\" content=\"nl_NL\" \/>\n<meta property=\"og:type\" content=\"article\" \/>\n<meta property=\"og:title\" content=\"Contact - B2 Mode Team\" \/>\n<meta property=\"og:description\" content=\"Contacteer ons hier.\" \/>\n<meta property=\"og:url\" content=\"https:\/\/www.b2modeteam.be\/nl\/contact\/\" \/>\n<meta property=\"og:site_name\" content=\"B2 Mode Team\" \/>\n<meta property=\"article:modified_time\" content=\"2023-03-07T12:51:01+00:00\" \/>\n<meta property=\"og:image\" content=\"https:\/\/www.b2modeteam.be\/wp-content\/uploads\/2023\/03\/banner-b2modeteam-4.jpg\" \/>\n\t<meta property=\"og:image:width\" content=\"2025\" \/>\n\t<meta property=\"og:image:height\" content=\"338\" \/>\n\t<meta property=\"og:image:type\" content=\"image\/jpeg\" \/>\n<meta name=\"twitter:card\" content=\"summary_large_image\" \/>\n<meta name=\"twitter:label1\" content=\"Geschatte leestijd\" \/>\n\t<meta name=\"twitter:data1\" content=\"1 minuut\" \/>\n<script type=\"application\/ld+json\" class=\"yoast-schema-graph\">{\"@context\":\"https:\/\/schema.org\",\"@graph\":[{\"@type\":\"WebPage\",\"@id\":\"https:\/\/www.b2modeteam.be\/nl\/contact\/\",\"url\":\"https:\/\/www.b2modeteam.be\/nl\/contact\/\",\"name\":\"Contact - B2 Mode Team\",\"isPartOf\":{\"@id\":\"https:\/\/www.b2modeteam.be\/nl\/#website\"},\"primaryImageOfPage\":{\"@id\":\"https:\/\/www.b2modeteam.be\/nl\/contact\/#primaryimage\"},\"image\":{\"@id\":\"https:\/\/www.b2modeteam.be\/nl\/contact\/#primaryimage\"},\"thumbnailUrl\":\"https:\/\/www.b2modeteam.be\/wp-content\/uploads\/2023\/03\/banner-b2modeteam-4.jpg\",\"datePublished\":\"2018-09-12T12:31:16+00:00\",\"dateModified\":\"2023-03-07T12:51:01+00:00\",\"description\":\"Contacteer ons hier.\",\"breadcrumb\":{\"@id\":\"https:\/\/www.b2modeteam.be\/nl\/contact\/#breadcrumb\"},\"inLanguage\":\"nl-NL\",\"potentialAction\":[{\"@type\":\"ReadAction\",\"target\":[\"https:\/\/www.b2modeteam.be\/nl\/contact\/\"]}]},{\"@type\":\"ImageObject\",\"inLanguage\":\"nl-NL\",\"@id\":\"https:\/\/www.b2modeteam.be\/nl\/contact\/#primaryimage\",\"url\":\"https:\/\/www.b2modeteam.be\/wp-content\/uploads\/2023\/03\/banner-b2modeteam-4.jpg\",\"contentUrl\":\"https:\/\/www.b2modeteam.be\/wp-content\/uploads\/2023\/03\/banner-b2modeteam-4.jpg\",\"width\":2025,\"height\":338,\"caption\":\"banner b2modeteam\"},{\"@type\":\"BreadcrumbList\",\"@id\":\"https:\/\/www.b2modeteam.be\/nl\/contact\/#breadcrumb\",\"itemListElement\":[{\"@type\":\"ListItem\",\"position\":1,\"name\":\"Home\",\"item\":\"https:\/\/www.b2modeteam.be\/nl\/\"},{\"@type\":\"ListItem\",\"position\":2,\"name\":\"Contact\"}]},{\"@type\":\"WebSite\",\"@id\":\"https:\/\/www.b2modeteam.be\/nl\/#website\",\"url\":\"https:\/\/www.b2modeteam.be\/nl\/\",\"name\":\"B2 Mode Team\",\"description\":\"\",\"publisher\":{\"@id\":\"https:\/\/www.b2modeteam.be\/nl\/#organization\"},\"potentialAction\":[{\"@type\":\"SearchAction\",\"target\":{\"@type\":\"EntryPoint\",\"urlTemplate\":\"https:\/\/www.b2modeteam.be\/nl\/?s={search_term_string}\"},\"query-input\":{\"@type\":\"PropertyValueSpecification\",\"valueRequired\":true,\"valueName\":\"search_term_string\"}}],\"inLanguage\":\"nl-NL\"},{\"@type\":\"Organization\",\"@id\":\"https:\/\/www.b2modeteam.be\/nl\/#organization\",\"name\":\"B2 Mode Team\",\"url\":\"https:\/\/www.b2modeteam.be\/nl\/\",\"logo\":{\"@type\":\"ImageObject\",\"inLanguage\":\"nl-NL\",\"@id\":\"https:\/\/www.b2modeteam.be\/nl\/#\/schema\/logo\/image\/\",\"url\":\"https:\/\/www.b2modeteam.be\/wp-content\/uploads\/2019\/06\/b2.png\",\"contentUrl\":\"https:\/\/www.b2modeteam.be\/wp-content\/uploads\/2019\/06\/b2.png\",\"width\":490,\"height\":310,\"caption\":\"B2 Mode Team\"},\"image\":{\"@id\":\"https:\/\/www.b2modeteam.be\/nl\/#\/schema\/logo\/image\/\"}}]}<\/script>\n<!-- \/ Yoast SEO plugin. -->","yoast_head_json":{"title":"Contact - B2 Mode Team","description":"Contacteer ons hier.","robots":{"index":"index","follow":"follow","max-snippet":"max-snippet:-1","max-image-preview":"max-image-preview:large","max-video-preview":"max-video-preview:-1"},"canonical":"https:\/\/www.b2modeteam.be\/nl\/contact\/","og_locale":"nl_NL","og_type":"article","og_title":"Contact - B2 Mode Team","og_description":"Contacteer ons hier.","og_url":"https:\/\/www.b2modeteam.be\/nl\/contact\/","og_site_name":"B2 Mode Team","article_modified_time":"2023-03-07T12:51:01+00:00","og_image":[{"width":2025,"height":338,"url":"https:\/\/www.b2modeteam.be\/wp-content\/uploads\/2023\/03\/banner-b2modeteam-4.jpg","type":"image\/jpeg"}],"twitter_card":"summary_large_image","twitter_misc":{"Geschatte leestijd":"1 minuut"},"schema":{"@context":"https:\/\/schema.org","@graph":[{"@type":"WebPage","@id":"https:\/\/www.b2modeteam.be\/nl\/contact\/","url":"https:\/\/www.b2modeteam.be\/nl\/contact\/","name":"Contact - B2 Mode Team","isPartOf":{"@id":"https:\/\/www.b2modeteam.be\/nl\/#website"},"primaryImageOfPage":{"@id":"https:\/\/www.b2modeteam.be\/nl\/contact\/#primaryimage"},"image":{"@id":"https:\/\/www.b2modeteam.be\/nl\/contact\/#primaryimage"},"thumbnailUrl":"https:\/\/www.b2modeteam.be\/wp-content\/uploads\/2023\/03\/banner-b2modeteam-4.jpg","datePublished":"2018-09-12T12:31:16+00:00","dateModified":"2023-03-07T12:51:01+00:00","description":"Contacteer ons hier.","breadcrumb":{"@id":"https:\/\/www.b2modeteam.be\/nl\/contact\/#breadcrumb"},"inLanguage":"nl-NL","potentialAction":[{"@type":"ReadAction","target":["https:\/\/www.b2modeteam.be\/nl\/contact\/"]}]},{"@type":"ImageObject","inLanguage":"nl-NL","@id":"https:\/\/www.b2modeteam.be\/nl\/contact\/#primaryimage","url":"https:\/\/www.b2modeteam.be\/wp-content\/uploads\/2023\/03\/banner-b2modeteam-4.jpg","contentUrl":"https:\/\/www.b2modeteam.be\/wp-content\/uploads\/2023\/03\/banner-b2modeteam-4.jpg","width":2025,"height":338,"caption":"banner b2modeteam"},{"@type":"BreadcrumbList","@id":"https:\/\/www.b2modeteam.be\/nl\/contact\/#breadcrumb","itemListElement":[{"@type":"ListItem","position":1,"name":"Home","item":"https:\/\/www.b2modeteam.be\/nl\/"},{"@type":"ListItem","position":2,"name":"Contact"}]},{"@type":"WebSite","@id":"https:\/\/www.b2modeteam.be\/nl\/#website","url":"https:\/\/www.b2modeteam.be\/nl\/","name":"B2 Mode Team","description":"","publisher":{"@id":"https:\/\/www.b2modeteam.be\/nl\/#organization"},"potentialAction":[{"@type":"SearchAction","target":{"@type":"EntryPoint","urlTemplate":"https:\/\/www.b2modeteam.be\/nl\/?s={search_term_string}"},"query-input":{"@type":"PropertyValueSpecification","valueRequired":true,"valueName":"search_term_string"}}],"inLanguage":"nl-NL"},{"@type":"Organization","@id":"https:\/\/www.b2modeteam.be\/nl\/#organization","name":"B2 Mode Team","url":"https:\/\/www.b2modeteam.be\/nl\/","logo":{"@type":"ImageObject","inLanguage":"nl-NL","@id":"https:\/\/www.b2modeteam.be\/nl\/#\/schema\/logo\/image\/","url":"https:\/\/www.b2modeteam.be\/wp-content\/uploads\/2019\/06\/b2.png","contentUrl":"https:\/\/www.b2modeteam.be\/wp-content\/uploads\/2019\/06\/b2.png","width":490,"height":310,"caption":"B2 Mode Team"},"image":{"@id":"https:\/\/www.b2modeteam.be\/nl\/#\/schema\/logo\/image\/"}}]}},"_links":{"self":[{"href":"https:\/\/www.b2modeteam.be\/nl\/wp-json\/wp\/v2\/pages\/36","targetHints":{"allow":["GET"]}}],"collection":[{"href":"https:\/\/www.b2modeteam.be\/nl\/wp-json\/wp\/v2\/pages"}],"about":[{"href":"https:\/\/www.b2modeteam.be\/nl\/wp-json\/wp\/v2\/types\/page"}],"author":[{"embeddable":true,"href":"https:\/\/www.b2modeteam.be\/nl\/wp-json\/wp\/v2\/users\/2"}],"replies":[{"embeddable":true,"href":"https:\/\/www.b2modeteam.be\/nl\/wp-json\/wp\/v2\/comments?post=36"}],"version-history":[{"count":3,"href":"https:\/\/www.b2modeteam.be\/nl\/wp-json\/wp\/v2\/pages\/36\/revisions"}],"predecessor-version":[{"id":829,"href":"https:\/\/www.b2modeteam.be\/nl\/wp-json\/wp\/v2\/pages\/36\/revisions\/829"}],"wp:featuredmedia":[{"embeddable":true,"href":"https:\/\/www.b2modeteam.be\/nl\/wp-json\/wp\/v2\/media\/817"}],"wp:attachment":[{"href":"https:\/\/www.b2modeteam.be\/nl\/wp-json\/wp\/v2\/media?parent=36"}],"curies":[{"name":"wp","href":"https:\/\/api.w.org\/{rel}","templated":true}]}}