{"id":245,"date":"2018-09-24T13:56:48","date_gmt":"2018-09-24T11:56:48","guid":{"rendered":"http:\/\/www.b2modeteam.be\/?page_id=245"},"modified":"2018-09-26T11:22:43","modified_gmt":"2018-09-26T09:22:43","slug":"politique-en-matiere-de-cookies","status":"publish","type":"page","link":"https:\/\/www.b2modeteam.be\/fr\/politique-en-matiere-de-cookies\/","title":{"rendered":"Politique en mati\u00e8re de cookies"},"content":{"rendered":"<p><em>Derni\u00e8re mise \u00e0 jour le 24 de septembre 2018.<\/em><\/p>\n<h2>1.\u00a0\u00a0\u00a0\u00a0\u00a0 Bienvenue<\/h2>\n<p>Nous sommes B-Young NV, une soci\u00e9t\u00e9 \u00e0 responsabilit\u00e9 limit\u00e9e, \u00e9tablie \u00e0 Jetsestraat 59, 1853 Strombeek, avec num\u00e9ro d\u2019entreprise 0416 247 289.<\/p>\n<p>Dans la pr\u00e9sente Politique en mati\u00e8re de cookies, nous vous expliquons quelles informations nous pouvons collecter via notre site Internet gr\u00e2ce aux cookies et comment nous les utilisons pour am\u00e9liorer nos services.<\/p>\n<p>En utilisant notre site Internet, vous acceptez notre usage des cookies.<\/p>\n<p>Cette Politique en mati\u00e8re de cookies fait partie int\u00e9grante de nos <u>Conditions g\u00e9n\u00e9rales<\/u>.<\/p>\n<h2>2.\u00a0\u00a0\u00a0\u00a0\u00a0 Cookies<\/h2>\n<p>Un <em>cookie<\/em> est un petit fichier install\u00e9 temporairement par une page Internet sur votre ordinateur ou appareil mobile quand vous visitez un site Internet. Un cookie nous permet d\u2019identifier l\u2019appareil avec lequel vous visitez notre site sans que cela nous donne acc\u00e8s \u00e0 vos donn\u00e9es personnelles.<\/p>\n<p>Les cookies sont faciles \u00e0 supprimer via les r\u00e9glages de votre navigateur. Vous pouvez param\u00e9trer votre navigateur de mani\u00e8re \u00e0 ce qu\u2019il refuse syst\u00e9matiquement les cookies. Cependant, cela peut g\u00eaner l\u2019utilisation de notre site Internet ou emp\u00eacher l\u2019acc\u00e8s \u00e0 certaines fonctionnalit\u00e9s.<\/p>\n<p>On n&rsquo;utilise pas cookies.<\/p>\n","protected":false},"excerpt":{"rendered":"<p>Derni\u00e8re mise \u00e0 jour le 24 de septembre 2018. 1.\u00a0\u00a0\u00a0\u00a0\u00a0 Bienvenue Nous sommes B-Young NV, une soci\u00e9t\u00e9 \u00e0 responsabilit\u00e9 limit\u00e9e,&#8230;<\/p>\n","protected":false},"author":1,"featured_media":0,"parent":0,"menu_order":6,"comment_status":"closed","ping_status":"closed","template":"","meta":{"_acf_changed":false,"footnotes":""},"class_list":["post-245","page","type-page","status-publish","hentry"],"acf":[],"yoast_head":"<!-- This site is optimized with the Yoast SEO plugin v27.0 - https:\/\/yoast.com\/product\/yoast-seo-wordpress\/ -->\n<title>Politique en mati\u00e8re de cookies - B2 Mode Team<\/title>\n<meta name=\"robots\" content=\"index, follow, max-snippet:-1, max-image-preview:large, max-video-preview:-1\" \/>\n<link rel=\"canonical\" href=\"https:\/\/www.b2modeteam.be\/fr\/politique-en-matiere-de-cookies\/\" \/>\n<meta property=\"og:locale\" content=\"fr_FR\" \/>\n<meta property=\"og:type\" content=\"article\" \/>\n<meta property=\"og:title\" content=\"Politique en mati\u00e8re de cookies - B2 Mode Team\" \/>\n<meta property=\"og:description\" content=\"Derni\u00e8re mise \u00e0 jour le 24 de septembre 2018. 1.\u00a0\u00a0\u00a0\u00a0\u00a0 Bienvenue Nous sommes B-Young NV, une soci\u00e9t\u00e9 \u00e0 responsabilit\u00e9 limit\u00e9e,...\" \/>\n<meta property=\"og:url\" content=\"https:\/\/www.b2modeteam.be\/fr\/politique-en-matiere-de-cookies\/\" \/>\n<meta property=\"og:site_name\" content=\"B2 Mode Team\" \/>\n<meta property=\"article:modified_time\" content=\"2018-09-26T09:22:43+00:00\" \/>\n<meta name=\"twitter:card\" content=\"summary_large_image\" \/>\n<meta name=\"twitter:label1\" content=\"Dur\u00e9e de lecture estim\u00e9e\" \/>\n\t<meta name=\"twitter:data1\" content=\"1 minute\" \/>\n<script type=\"application\/ld+json\" class=\"yoast-schema-graph\">{\"@context\":\"https:\/\/schema.org\",\"@graph\":[{\"@type\":\"WebPage\",\"@id\":\"https:\/\/www.b2modeteam.be\/fr\/politique-en-matiere-de-cookies\/\",\"url\":\"https:\/\/www.b2modeteam.be\/fr\/politique-en-matiere-de-cookies\/\",\"name\":\"Politique en mati\u00e8re de cookies - B2 Mode Team\",\"isPartOf\":{\"@id\":\"https:\/\/www.b2modeteam.be\/nl\/#website\"},\"datePublished\":\"2018-09-24T11:56:48+00:00\",\"dateModified\":\"2018-09-26T09:22:43+00:00\",\"breadcrumb\":{\"@id\":\"https:\/\/www.b2modeteam.be\/fr\/politique-en-matiere-de-cookies\/#breadcrumb\"},\"inLanguage\":\"fr-FR\",\"potentialAction\":[{\"@type\":\"ReadAction\",\"target\":[\"https:\/\/www.b2modeteam.be\/fr\/politique-en-matiere-de-cookies\/\"]}]},{\"@type\":\"BreadcrumbList\",\"@id\":\"https:\/\/www.b2modeteam.be\/fr\/politique-en-matiere-de-cookies\/#breadcrumb\",\"itemListElement\":[{\"@type\":\"ListItem\",\"position\":1,\"name\":\"Home\",\"item\":\"https:\/\/www.b2modeteam.be\/fr\/\"},{\"@type\":\"ListItem\",\"position\":2,\"name\":\"Politique en mati\u00e8re de cookies\"}]},{\"@type\":\"WebSite\",\"@id\":\"https:\/\/www.b2modeteam.be\/nl\/#website\",\"url\":\"https:\/\/www.b2modeteam.be\/nl\/\",\"name\":\"B2 Mode Team\",\"description\":\"\",\"publisher\":{\"@id\":\"https:\/\/www.b2modeteam.be\/nl\/#organization\"},\"potentialAction\":[{\"@type\":\"SearchAction\",\"target\":{\"@type\":\"EntryPoint\",\"urlTemplate\":\"https:\/\/www.b2modeteam.be\/nl\/?s={search_term_string}\"},\"query-input\":{\"@type\":\"PropertyValueSpecification\",\"valueRequired\":true,\"valueName\":\"search_term_string\"}}],\"inLanguage\":\"fr-FR\"},{\"@type\":\"Organization\",\"@id\":\"https:\/\/www.b2modeteam.be\/nl\/#organization\",\"name\":\"B2 Mode Team\",\"url\":\"https:\/\/www.b2modeteam.be\/nl\/\",\"logo\":{\"@type\":\"ImageObject\",\"inLanguage\":\"fr-FR\",\"@id\":\"https:\/\/www.b2modeteam.be\/nl\/#\/schema\/logo\/image\/\",\"url\":\"https:\/\/www.b2modeteam.be\/wp-content\/uploads\/2019\/06\/b2.png\",\"contentUrl\":\"https:\/\/www.b2modeteam.be\/wp-content\/uploads\/2019\/06\/b2.png\",\"width\":490,\"height\":310,\"caption\":\"B2 Mode Team\"},\"image\":{\"@id\":\"https:\/\/www.b2modeteam.be\/nl\/#\/schema\/logo\/image\/\"}}]}<\/script>\n<!-- \/ Yoast SEO plugin. -->","yoast_head_json":{"title":"Politique en mati\u00e8re de cookies - B2 Mode Team","robots":{"index":"index","follow":"follow","max-snippet":"max-snippet:-1","max-image-preview":"max-image-preview:large","max-video-preview":"max-video-preview:-1"},"canonical":"https:\/\/www.b2modeteam.be\/fr\/politique-en-matiere-de-cookies\/","og_locale":"fr_FR","og_type":"article","og_title":"Politique en mati\u00e8re de cookies - B2 Mode Team","og_description":"Derni\u00e8re mise \u00e0 jour le 24 de septembre 2018. 1.\u00a0\u00a0\u00a0\u00a0\u00a0 Bienvenue Nous sommes B-Young NV, une soci\u00e9t\u00e9 \u00e0 responsabilit\u00e9 limit\u00e9e,...","og_url":"https:\/\/www.b2modeteam.be\/fr\/politique-en-matiere-de-cookies\/","og_site_name":"B2 Mode Team","article_modified_time":"2018-09-26T09:22:43+00:00","twitter_card":"summary_large_image","twitter_misc":{"Dur\u00e9e de lecture estim\u00e9e":"1 minute"},"schema":{"@context":"https:\/\/schema.org","@graph":[{"@type":"WebPage","@id":"https:\/\/www.b2modeteam.be\/fr\/politique-en-matiere-de-cookies\/","url":"https:\/\/www.b2modeteam.be\/fr\/politique-en-matiere-de-cookies\/","name":"Politique en mati\u00e8re de cookies - B2 Mode Team","isPartOf":{"@id":"https:\/\/www.b2modeteam.be\/nl\/#website"},"datePublished":"2018-09-24T11:56:48+00:00","dateModified":"2018-09-26T09:22:43+00:00","breadcrumb":{"@id":"https:\/\/www.b2modeteam.be\/fr\/politique-en-matiere-de-cookies\/#breadcrumb"},"inLanguage":"fr-FR","potentialAction":[{"@type":"ReadAction","target":["https:\/\/www.b2modeteam.be\/fr\/politique-en-matiere-de-cookies\/"]}]},{"@type":"BreadcrumbList","@id":"https:\/\/www.b2modeteam.be\/fr\/politique-en-matiere-de-cookies\/#breadcrumb","itemListElement":[{"@type":"ListItem","position":1,"name":"Home","item":"https:\/\/www.b2modeteam.be\/fr\/"},{"@type":"ListItem","position":2,"name":"Politique en mati\u00e8re de cookies"}]},{"@type":"WebSite","@id":"https:\/\/www.b2modeteam.be\/nl\/#website","url":"https:\/\/www.b2modeteam.be\/nl\/","name":"B2 Mode Team","description":"","publisher":{"@id":"https:\/\/www.b2modeteam.be\/nl\/#organization"},"potentialAction":[{"@type":"SearchAction","target":{"@type":"EntryPoint","urlTemplate":"https:\/\/www.b2modeteam.be\/nl\/?s={search_term_string}"},"query-input":{"@type":"PropertyValueSpecification","valueRequired":true,"valueName":"search_term_string"}}],"inLanguage":"fr-FR"},{"@type":"Organization","@id":"https:\/\/www.b2modeteam.be\/nl\/#organization","name":"B2 Mode Team","url":"https:\/\/www.b2modeteam.be\/nl\/","logo":{"@type":"ImageObject","inLanguage":"fr-FR","@id":"https:\/\/www.b2modeteam.be\/nl\/#\/schema\/logo\/image\/","url":"https:\/\/www.b2modeteam.be\/wp-content\/uploads\/2019\/06\/b2.png","contentUrl":"https:\/\/www.b2modeteam.be\/wp-content\/uploads\/2019\/06\/b2.png","width":490,"height":310,"caption":"B2 Mode Team"},"image":{"@id":"https:\/\/www.b2modeteam.be\/nl\/#\/schema\/logo\/image\/"}}]}},"_links":{"self":[{"href":"https:\/\/www.b2modeteam.be\/fr\/wp-json\/wp\/v2\/pages\/245","targetHints":{"allow":["GET"]}}],"collection":[{"href":"https:\/\/www.b2modeteam.be\/fr\/wp-json\/wp\/v2\/pages"}],"about":[{"href":"https:\/\/www.b2modeteam.be\/fr\/wp-json\/wp\/v2\/types\/page"}],"author":[{"embeddable":true,"href":"https:\/\/www.b2modeteam.be\/fr\/wp-json\/wp\/v2\/users\/1"}],"replies":[{"embeddable":true,"href":"https:\/\/www.b2modeteam.be\/fr\/wp-json\/wp\/v2\/comments?post=245"}],"version-history":[{"count":0,"href":"https:\/\/www.b2modeteam.be\/fr\/wp-json\/wp\/v2\/pages\/245\/revisions"}],"wp:attachment":[{"href":"https:\/\/www.b2modeteam.be\/fr\/wp-json\/wp\/v2\/media?parent=245"}],"curies":[{"name":"wp","href":"https:\/\/api.w.org\/{rel}","templated":true}]}}